{"id":632,"date":"2025-10-30T11:57:26","date_gmt":"2025-10-30T11:57:26","guid":{"rendered":"https:\/\/virtek.ib-caddy.com\/?page_id=632"},"modified":"2026-01-21T13:32:13","modified_gmt":"2026-01-21T13:32:13","slug":"kontrola-kakovosti","status":"publish","type":"page","link":"https:\/\/virtek.ib-caddy.com\/hr-bih-sr-cg\/kontrola-kakovosti\/","title":{"rendered":"Kontrola kakovosti"},"content":{"rendered":"<div data-elementor-type=\"wp-page\" data-elementor-id=\"632\" class=\"elementor elementor-632\" data-elementor-post-type=\"page\">\n\t\t\t\t<div class=\"elementor-element elementor-element-5e58748 e-con-full e-flex e-con e-parent\" data-id=\"5e58748\" data-element_type=\"container\" data-e-type=\"container\" data-settings=\"{&quot;background_background&quot;:&quot;classic&quot;,&quot;_ha_eqh_enable&quot;:false}\">\n\t\t<div class=\"elementor-element elementor-element-a112e73 e-con-full e-flex e-con e-child\" data-id=\"a112e73\" data-element_type=\"container\" data-e-type=\"container\" data-settings=\"{&quot;_ha_eqh_enable&quot;:false}\">\n\t\t\t\t<\/div>\n\t\t<div class=\"elementor-element elementor-element-309bbf9 e-con-full e-flex e-con e-child\" data-id=\"309bbf9\" data-element_type=\"container\" data-e-type=\"container\" data-settings=\"{&quot;_ha_eqh_enable&quot;:false}\">\n\t\t\t\t<div class=\"elementor-element elementor-element-a17c2ee elementor-widget elementor-widget-heading\" data-id=\"a17c2ee\" data-element_type=\"widget\" data-e-type=\"widget\" data-widget_type=\"heading.default\">\n\t\t\t\t<div class=\"elementor-widget-container\">\n\t\t\t\t\t<h3 class=\"elementor-heading-title elementor-size-default\">VIRTEK LASERQC<\/h3>\t\t\t\t<\/div>\n\t\t\t\t<\/div>\n\t\t\t\t<\/div>\n\t\t<div class=\"elementor-element elementor-element-2284a96 e-con-full e-flex e-con e-child\" data-id=\"2284a96\" data-element_type=\"container\" data-e-type=\"container\" data-settings=\"{&quot;_ha_eqh_enable&quot;:false}\">\n\t\t\t\t<\/div>\n\t\t\t\t<\/div>\n\t\t<div class=\"elementor-element elementor-element-a037887 e-con-full e-flex e-con e-parent\" data-id=\"a037887\" data-element_type=\"container\" data-e-type=\"container\" data-settings=\"{&quot;_ha_eqh_enable&quot;:false}\">\n\t\t<div class=\"elementor-element elementor-element-e4cfb5c e-con-full e-flex e-con e-child\" data-id=\"e4cfb5c\" data-element_type=\"container\" data-e-type=\"container\" data-settings=\"{&quot;_ha_eqh_enable&quot;:false}\">\n\t\t\t\t<div class=\"elementor-element elementor-element-d377a64 elementor-widget elementor-widget-image\" data-id=\"d377a64\" data-element_type=\"widget\" data-e-type=\"widget\" data-widget_type=\"image.default\">\n\t\t\t\t<div class=\"elementor-widget-container\">\n\t\t\t\t\t\t\t\t\t\t\t\t\t\t\t<img decoding=\"async\" src=\"https:\/\/virtek.ib-caddy.com\/\/wp-content\/uploads\/virtek\/\/elementor\/thumbs\/image-1-rdyuxio0tz6qgujc1lkki1hjxy7mzliaaz21e6f0u8.jpg\" title=\"image (1)\" alt=\"image (1)\" loading=\"lazy\" \/>\t\t\t\t\t\t\t\t\t\t\t\t\t\t\t<\/div>\n\t\t\t\t<\/div>\n\t\t\t\t<\/div>\n\t\t<div class=\"elementor-element elementor-element-2b7298d e-con-full e-flex e-con e-child\" data-id=\"2b7298d\" data-element_type=\"container\" data-e-type=\"container\" data-settings=\"{&quot;_ha_eqh_enable&quot;:false}\">\n\t\t\t\t<div class=\"elementor-element elementor-element-13bcfd9 elementor-widget elementor-widget-heading\" data-id=\"13bcfd9\" data-element_type=\"widget\" data-e-type=\"widget\" data-widget_type=\"heading.default\">\n\t\t\t\t<div class=\"elementor-widget-container\">\n\t\t\t\t\t<h2 class=\"elementor-heading-title elementor-size-default\">KONTROLA KVALITETA I MERENJA<\/h2>\t\t\t\t<\/div>\n\t\t\t\t<\/div>\n\t\t\t\t<div class=\"elementor-element elementor-element-474852b elementor-widget elementor-widget-heading\" data-id=\"474852b\" data-element_type=\"widget\" data-e-type=\"widget\" data-widget_type=\"heading.default\">\n\t\t\t\t<div class=\"elementor-widget-container\">\n\t\t\t\t\t<h4 class=\"elementor-heading-title elementor-size-default\">Sistem brze kontrole za proizvodnu industriju<\/h4>\t\t\t\t<\/div>\n\t\t\t\t<\/div>\n\t\t\t\t<div class=\"elementor-element elementor-element-cea224c elementor-widget__width-initial elementor-widget elementor-widget-text-editor\" data-id=\"cea224c\" data-element_type=\"widget\" data-e-type=\"widget\" data-widget_type=\"text-editor.default\">\n\t\t\t\t<div class=\"elementor-widget-container\">\n\t\t\t\t\t\t\t\t\t<p><strong>NOVO!<\/strong> Virtek LaserQC\u00ae sa Vision Quality System je sistem za brzu kontrolu koji koristi lasere za merenje delova.<\/p><p><strong>Laserski brzo (i jednostavno)<\/strong><br \/>LaserQC\u00ae snima preko 500 ta\u010daka podataka u sekundi kako bi kontrole delova bile laserski brze, direktno u proizvodnom pogonu. Dizajniran je za lako pode\u0161avanje tako da Va\u0161 sistem bude pokrenut i spreman za rad za manje od jednog dana. Intuitivni korisni\u010dki interfejs omoguc\u0301ava novim operaterima da postanu potpuno stru\u010dni u roku od samo nekoliko sati.<\/p><p><strong>Laserska preciznost<\/strong><br \/>Sistem brzo obavlja 100% kontrolu sa ta\u010dno\u0161c\u0301u od \u00b1 0,05 mm (0,002\u201d) za 2D merenja i \u00b1 0,25 mm (0,010\u201d) za formirana merenja.<\/p><p><strong>Pogodan za industrijska okru\u017eenja<\/strong><br \/>LaserQC\u00ae nudi pouzdano re\u0161enje koje zahteva malo odr\u017eavanja i koje radi zajedno sa CNC opremom u Va\u0161im objektima. Sistem se samokalibri\u0161e i prilago\u0111ava sistemska pode\u0161avanja kako bi se prilagodio promenama u okru\u017eenju koje su uobi\u010dajene u proizvodnom pogonu. Pored toga, Virtek nudi dodatak za stabilizaciju delova, kreiran posebno za upotrebu u industriji raznih zaptiva\u010da.<\/p>\t\t\t\t\t\t\t\t<\/div>\n\t\t\t\t<\/div>\n\t\t\t\t<\/div>\n\t\t\t\t<\/div>\n\t\t<div class=\"elementor-element elementor-element-0722abb e-con-full e-flex e-con e-parent\" data-id=\"0722abb\" data-element_type=\"container\" data-e-type=\"container\" data-settings=\"{&quot;background_background&quot;:&quot;classic&quot;,&quot;_ha_eqh_enable&quot;:false}\">\n\t\t<div class=\"elementor-element elementor-element-8e83f61 e-con-full e-flex e-con e-child\" data-id=\"8e83f61\" data-element_type=\"container\" data-e-type=\"container\" data-settings=\"{&quot;_ha_eqh_enable&quot;:false}\">\n\t\t\t\t<\/div>\n\t\t<div class=\"elementor-element elementor-element-67f261d e-con-full e-flex e-con e-child\" data-id=\"67f261d\" data-element_type=\"container\" data-e-type=\"container\" data-settings=\"{&quot;_ha_eqh_enable&quot;:false}\">\n\t\t\t\t<div class=\"elementor-element elementor-element-0d5f656 elementor-cta--layout-image-right elementor-cta--valign-middle elementor-cta--mobile-layout-image-above elementor-cta--skin-classic elementor-animated-content elementor-widget elementor-widget-call-to-action\" data-id=\"0d5f656\" data-element_type=\"widget\" data-e-type=\"widget\" data-widget_type=\"call-to-action.default\">\n\t\t\t\t<div class=\"elementor-widget-container\">\n\t\t\t\t\t\t\t<div class=\"elementor-cta\">\n\t\t\t\t\t\t\t<div class=\"elementor-cta__content\">\n\t\t\t\t\n\t\t\t\t\t\t\t\t\t<h3 class=\"elementor-cta__title elementor-cta__content-item elementor-content-item\">\n\t\t\t\t\t\tBeskontaktni <\/br> sistem kontrole\t\t\t\t\t<\/h3>\n\t\t\t\t\n\t\t\t\t\t\t\t\t\t<div class=\"elementor-cta__description elementor-cta__content-item elementor-content-item\">\n\t\t\t\t\t\tPouzdan i precizan sistem koji brzo<\/br> i automatski vr\u0161i kontrole za nekoliko sekundi.\t\t\t\t\t<\/div>\n\t\t\t\t\n\t\t\t\t\t\t\t<\/div>\n\t\t\t\t\t\t<\/div>\n\t\t\t\t\t\t<\/div>\n\t\t\t\t<\/div>\n\t\t\t\t<\/div>\n\t\t<div class=\"elementor-element elementor-element-4dcf0d4 e-con-full e-flex e-con e-child\" data-id=\"4dcf0d4\" data-element_type=\"container\" data-e-type=\"container\" data-settings=\"{&quot;_ha_eqh_enable&quot;:false}\">\n\t\t\t\t<\/div>\n\t\t\t\t<\/div>\n\t\t<div class=\"elementor-element elementor-element-53eb253 e-con-full e-flex e-con e-parent\" data-id=\"53eb253\" data-element_type=\"container\" data-e-type=\"container\" data-settings=\"{&quot;_ha_eqh_enable&quot;:false}\">\n\t\t\t\t<div class=\"elementor-element elementor-element-f49c957 elementor-widget elementor-widget-heading\" data-id=\"f49c957\" data-element_type=\"widget\" data-e-type=\"widget\" data-widget_type=\"heading.default\">\n\t\t\t\t<div class=\"elementor-widget-container\">\n\t\t\t\t\t<h1 class=\"elementor-heading-title elementor-size-default\">NA\u0160A<\/h1>\t\t\t\t<\/div>\n\t\t\t\t<\/div>\n\t\t\t\t<div class=\"elementor-element elementor-element-4963cbd elementor-widget elementor-widget-heading\" data-id=\"4963cbd\" data-element_type=\"widget\" data-e-type=\"widget\" data-widget_type=\"heading.default\">\n\t\t\t\t<div class=\"elementor-widget-container\">\n\t\t\t\t\t<h1 class=\"elementor-heading-title elementor-size-default\">PREDNOST<\/h1>\t\t\t\t<\/div>\n\t\t\t\t<\/div>\n\t\t\t\t<\/div>\n\t\t<div class=\"elementor-element elementor-element-2caa3cc e-flex e-con-boxed e-con e-parent\" data-id=\"2caa3cc\" data-element_type=\"container\" data-e-type=\"container\" data-settings=\"{&quot;_ha_eqh_enable&quot;:&quot;yes&quot;,&quot;_ha_eqh_widget&quot;:[&quot;image&quot;,&quot;heading&quot;,&quot;button&quot;,&quot;text-editor&quot;],&quot;_ha_eqh_to&quot;:&quot;widget&quot;,&quot;_ha_eqh_disable_on_tablet&quot;:&quot;no&quot;,&quot;_ha_eqh_disable_on_mobile&quot;:&quot;yes&quot;}\">\n\t\t\t\t\t<div class=\"e-con-inner\">\n\t\t<div class=\"elementor-element elementor-element-343072e e-con-full e-flex e-con e-child\" data-id=\"343072e\" data-element_type=\"container\" data-e-type=\"container\" data-settings=\"{&quot;_ha_eqh_enable&quot;:false}\">\n\t\t\t\t<div class=\"elementor-element elementor-element-d1dca59 elementor-widget elementor-widget-image\" data-id=\"d1dca59\" data-element_type=\"widget\" data-e-type=\"widget\" data-widget_type=\"image.default\">\n\t\t\t\t<div class=\"elementor-widget-container\">\n\t\t\t\t\t\t\t\t\t\t\t\t\t\t\t<img decoding=\"async\" src=\"https:\/\/virtek.ib-caddy.com\/\/wp-content\/uploads\/virtek\/\/elementor\/thumbs\/virtek-scanpart-green-white-1-rdyuxjly2g4tz3j5l3fa8b0vlat9r4qkyn7454gvno.jpg\" title=\"virtek-scanpart-green-white-1\" alt=\"virtek-scanpart-green-white-1\" loading=\"lazy\" \/>\t\t\t\t\t\t\t\t\t\t\t\t\t\t\t<\/div>\n\t\t\t\t<\/div>\n\t\t\t\t<div class=\"elementor-element elementor-element-3f32a3b elementor-widget elementor-widget-heading\" data-id=\"3f32a3b\" data-element_type=\"widget\" data-e-type=\"widget\" data-widget_type=\"heading.default\">\n\t\t\t\t<div class=\"elementor-widget-container\">\n\t\t\t\t\t<h3 class=\"elementor-heading-title elementor-size-default\">Brzo identifikujte probleme sa kvalitetom<\/h3>\t\t\t\t<\/div>\n\t\t\t\t<\/div>\n\t\t\t\t<div class=\"elementor-element elementor-element-7c09932 elementor-widget elementor-widget-text-editor\" data-id=\"7c09932\" data-element_type=\"widget\" data-e-type=\"widget\" data-widget_type=\"text-editor.default\">\n\t\t\t\t<div class=\"elementor-widget-container\">\n\t\t\t\t\t\t\t\t\t<p>Dizajniran za proizvodno okru\u017eenje, Virtek LaserQC proverava kalibraciju sistema pre svakog skeniranja kako bi se osigurala ponovljiva ta\u010dnost. Trenutnim otkrivanjem gre\u0161aka smanjujete otpad, ponovnu obradu i pobolj\u0161avate profitabilnost.<\/p>\t\t\t\t\t\t\t\t<\/div>\n\t\t\t\t<\/div>\n\t\t\t\t<\/div>\n\t\t<div class=\"elementor-element elementor-element-989083b e-con-full e-flex e-con e-child\" data-id=\"989083b\" data-element_type=\"container\" data-e-type=\"container\" data-settings=\"{&quot;_ha_eqh_enable&quot;:false}\">\n\t\t\t\t<div class=\"elementor-element elementor-element-cd8f7c5 elementor-widget elementor-widget-image\" data-id=\"cd8f7c5\" data-element_type=\"widget\" data-e-type=\"widget\" data-widget_type=\"image.default\">\n\t\t\t\t<div class=\"elementor-widget-container\">\n\t\t\t\t\t\t\t\t\t\t\t\t\t\t\t<img decoding=\"async\" src=\"https:\/\/virtek.ib-caddy.com\/\/wp-content\/uploads\/virtek\/\/elementor\/thumbs\/virtek-sheetmetal-green-rdyvgsczzch5npkw7wvbry7le9ysc24r9vzyu1xq9w.jpg\" title=\"virtek-sheetmetal-green\" alt=\"virtek-sheetmetal-green\" loading=\"lazy\" \/>\t\t\t\t\t\t\t\t\t\t\t\t\t\t\t<\/div>\n\t\t\t\t<\/div>\n\t\t\t\t<div class=\"elementor-element elementor-element-054ea0a elementor-widget elementor-widget-heading\" data-id=\"054ea0a\" data-element_type=\"widget\" data-e-type=\"widget\" data-widget_type=\"heading.default\">\n\t\t\t\t<div class=\"elementor-widget-container\">\n\t\t\t\t\t<h3 class=\"elementor-heading-title elementor-size-default\">Podignite kvalitet na novi nivo<\/h3>\t\t\t\t<\/div>\n\t\t\t\t<\/div>\n\t\t\t\t<div class=\"elementor-element elementor-element-42d5631 elementor-widget elementor-widget-text-editor\" data-id=\"42d5631\" data-element_type=\"widget\" data-e-type=\"widget\" data-widget_type=\"text-editor.default\">\n\t\t\t\t<div class=\"elementor-widget-container\">\n\t\t\t\t\t\t\t\t\t<p data-start=\"545\" data-end=\"747\">Virtek LaserQC snima vi\u0161e od 500 ta\u010daka podataka u sekundi i ta\u010dan je do 0,05 mm (0,002 in\u010da). Pored toga, izve\u0161taji o kontroli kvaliteta ulivaju poverenje kupcima.<\/p>\t\t\t\t\t\t\t\t<\/div>\n\t\t\t\t<\/div>\n\t\t\t\t<\/div>\n\t\t<div class=\"elementor-element elementor-element-44c4780 e-con-full e-flex e-con e-child\" data-id=\"44c4780\" data-element_type=\"container\" data-e-type=\"container\" data-settings=\"{&quot;_ha_eqh_enable&quot;:false}\">\n\t\t\t\t<div class=\"elementor-element elementor-element-12b0562 elementor-widget elementor-widget-image\" data-id=\"12b0562\" data-element_type=\"widget\" data-e-type=\"widget\" data-widget_type=\"image.default\">\n\t\t\t\t<div class=\"elementor-widget-container\">\n\t\t\t\t\t\t\t\t\t\t\t\t\t\t\t<img decoding=\"async\" src=\"https:\/\/virtek.ib-caddy.com\/\/wp-content\/uploads\/virtek\/\/elementor\/thumbs\/virtek-258-green-bright-rdyuxio3vm3jnhkiql0nnt9ezwxwjfmumijmnui9tw.jpg\" title=\"virtek-258-green-bright\" alt=\"virtek-258-green-bright\" loading=\"lazy\" \/>\t\t\t\t\t\t\t\t\t\t\t\t\t\t\t<\/div>\n\t\t\t\t<\/div>\n\t\t\t\t<div class=\"elementor-element elementor-element-b0a39dc elementor-widget elementor-widget-heading\" data-id=\"b0a39dc\" data-element_type=\"widget\" data-e-type=\"widget\" data-widget_type=\"heading.default\">\n\t\t\t\t<div class=\"elementor-widget-container\">\n\t\t\t\t\t<h3 class=\"elementor-heading-title elementor-size-default\">Odmah na posao<\/h3>\t\t\t\t<\/div>\n\t\t\t\t<\/div>\n\t\t\t\t<div class=\"elementor-element elementor-element-40028fc elementor-widget elementor-widget-text-editor\" data-id=\"40028fc\" data-element_type=\"widget\" data-e-type=\"widget\" data-widget_type=\"text-editor.default\">\n\t\t\t\t<div class=\"elementor-widget-container\">\n\t\t\t\t\t\t\t\t\t<p>Virtek LaserQC je dizajniran za lako pode\u0161avanje tako da mo\u017ee biti operativan za samo nekoliko sati. Intuitivni korisni\u010dki interfejs omoguc\u0301ava novim operaterima da brzo postanu potpuno stru\u010dni.<\/p>\t\t\t\t\t\t\t\t<\/div>\n\t\t\t\t<\/div>\n\t\t\t\t<\/div>\n\t\t\t\t\t<\/div>\n\t\t\t\t<\/div>\n\t\t<div class=\"elementor-element elementor-element-59bbe2d e-flex e-con-boxed e-con e-parent\" data-id=\"59bbe2d\" data-element_type=\"container\" data-e-type=\"container\" data-settings=\"{&quot;background_background&quot;:&quot;classic&quot;,&quot;_ha_eqh_enable&quot;:false}\">\n\t\t\t\t\t<div class=\"e-con-inner\">\n\t\t<div class=\"elementor-element elementor-element-a779c1d e-con-full e-flex e-con e-child\" data-id=\"a779c1d\" data-element_type=\"container\" data-e-type=\"container\" data-settings=\"{&quot;_ha_eqh_enable&quot;:false}\">\n\t\t\t\t<div class=\"elementor-element elementor-element-e85d142 elementor-widget elementor-widget-heading\" data-id=\"e85d142\" data-element_type=\"widget\" data-e-type=\"widget\" data-widget_type=\"heading.default\">\n\t\t\t\t<div class=\"elementor-widget-container\">\n\t\t\t\t\t<h2 class=\"elementor-heading-title elementor-size-default\">VIDEO: <br \/>\nUpoznavanje sa LaserQC\n<\/h2>\t\t\t\t<\/div>\n\t\t\t\t<\/div>\n\t\t\t\t<div class=\"elementor-element elementor-element-9a81fda elementor-widget__width-initial elementor-widget elementor-widget-text-editor\" data-id=\"9a81fda\" data-element_type=\"widget\" data-e-type=\"widget\" data-widget_type=\"text-editor.default\">\n\t\t\t\t<div class=\"elementor-widget-container\">\n\t\t\t\t\t\t\t\t\t<p>Virtek\u00ae LaserQC\u00ae je sistem za brzu kontrolu koji koristi lasere za merenje ta\u010dnosti dvodimenzionalnih delova, sa tolerancijama unutar 0,05 mm (0,002 in\u010da).<\/p>\t\t\t\t\t\t\t\t<\/div>\n\t\t\t\t<\/div>\n\t\t\t\t<div class=\"elementor-element elementor-element-d0f45b4 elementor-align-left elementor-widget elementor-widget-button\" data-id=\"d0f45b4\" data-element_type=\"widget\" data-e-type=\"widget\" data-widget_type=\"button.default\">\n\t\t\t\t<div class=\"elementor-widget-container\">\n\t\t\t\t\t\t\t\t\t<div class=\"elementor-button-wrapper\">\n\t\t\t\t\t<a class=\"elementor-button elementor-button-link elementor-size-sm\" href=\"https:\/\/virtek.ib-caddy.com\/\/wp-content\/uploads\/virtek\/\/2026\/01\/Virtek_LaserQC-Ib-Caddy.pdf\" target=\"_blank\">\n\t\t\t\t\t\t<span class=\"elementor-button-content-wrapper\">\n\t\t\t\t\t\t\t\t\t<span class=\"elementor-button-text\">VI\u0160E<\/span>\n\t\t\t\t\t<\/span>\n\t\t\t\t\t<\/a>\n\t\t\t\t<\/div>\n\t\t\t\t\t\t\t\t<\/div>\n\t\t\t\t<\/div>\n\t\t\t\t<\/div>\n\t\t<div class=\"elementor-element elementor-element-0967f48 e-con-full e-flex e-con e-child\" data-id=\"0967f48\" data-element_type=\"container\" data-e-type=\"container\" data-settings=\"{&quot;_ha_eqh_enable&quot;:false}\">\n\t\t\t\t<div class=\"elementor-element elementor-element-5a30030 elementor-widget elementor-widget-video\" data-id=\"5a30030\" data-element_type=\"widget\" data-e-type=\"widget\" data-settings=\"{&quot;youtube_url&quot;:&quot;https:\\\/\\\/www.youtube.com\\\/watch?v=lcCMkggbtdI&amp;list=TLGG87YEkiFh5AMzMDEwMjAyNQ&quot;,&quot;show_image_overlay&quot;:&quot;yes&quot;,&quot;image_overlay&quot;:{&quot;url&quot;:&quot;https:\\\/\\\/virtek.ib-caddy.com\\\/\\\/wp-content\\\/uploads\\\/virtek\\\/\\\/2025\\\/10\\\/Virtek-LaserQC-Inspection-System-2021-2D-and-Formed-Parts-0-13-screenshot-e1761827058310.png&quot;,&quot;id&quot;:654,&quot;size&quot;:&quot;&quot;,&quot;alt&quot;:&quot;&quot;,&quot;source&quot;:&quot;library&quot;},&quot;video_type&quot;:&quot;youtube&quot;,&quot;controls&quot;:&quot;yes&quot;}\" data-widget_type=\"video.default\">\n\t\t\t\t<div class=\"elementor-widget-container\">\n\t\t\t\t\t\t\t<div class=\"elementor-wrapper elementor-open-inline\">\n\t\t\t<div class=\"elementor-video\"><\/div>\t\t\t\t<div class=\"elementor-custom-embed-image-overlay\" style=\"background-image: url(https:\/\/virtek.ib-caddy.com\/\/wp-content\/uploads\/virtek\/\/2025\/10\/Virtek-LaserQC-Inspection-System-2021-2D-and-Formed-Parts-0-13-screenshot-e1761827058310.png);\">\n\t\t\t\t\t\t\t\t\t\t\t\t\t\t\t\t<div class=\"elementor-custom-embed-play\" role=\"button\" aria-label=\"Play Video\" tabindex=\"0\" data-no-translation-aria-label=\"\">\n\t\t\t\t\t\t\t<svg aria-hidden=\"true\" class=\"e-font-icon-svg e-eicon-play\" viewbox=\"0 0 1000 1000\" xmlns=\"http:\/\/www.w3.org\/2000\/svg\"><path d=\"M838 162C746 71 633 25 500 25 371 25 258 71 163 162 71 254 25 367 25 500 25 633 71 746 163 837 254 929 367 979 500 979 633 979 746 933 838 837 929 746 975 633 975 500 975 367 929 254 838 162M808 192C892 279 933 379 933 500 933 621 892 725 808 808 725 892 621 938 500 938 379 938 279 896 196 808 113 725 67 621 67 500 67 379 108 279 196 192 279 108 383 62 500 62 621 62 721 108 808 192M438 392V642L642 517 438 392Z\"><\/path><\/svg>\t\t\t\t\t\t<\/div>\n\t\t\t\t\t\t\t\t\t<\/div>\n\t\t\t\t\t<\/div>\n\t\t\t\t\t\t<\/div>\n\t\t\t\t<\/div>\n\t\t\t\t<\/div>\n\t\t\t\t\t<\/div>\n\t\t\t\t<\/div>\n\t\t<div class=\"elementor-element elementor-element-c98af66 e-con-full e-flex e-con e-parent\" data-id=\"c98af66\" data-element_type=\"container\" data-e-type=\"container\" data-settings=\"{&quot;_ha_eqh_enable&quot;:false}\">\n\t\t\t\t<div class=\"elementor-element elementor-element-aa2c956 elementor-widget elementor-widget-heading\" data-id=\"aa2c956\" data-element_type=\"widget\" data-e-type=\"widget\" data-widget_type=\"heading.default\">\n\t\t\t\t<div class=\"elementor-widget-container\">\n\t\t\t\t\t<h1 class=\"elementor-heading-title elementor-size-default\">KONTROLA KVALITETA<\/h1>\t\t\t\t<\/div>\n\t\t\t\t<\/div>\n\t\t\t\t<div class=\"elementor-element elementor-element-577c966 elementor-widget elementor-widget-heading\" data-id=\"577c966\" data-element_type=\"widget\" data-e-type=\"widget\" data-widget_type=\"heading.default\">\n\t\t\t\t<div class=\"elementor-widget-container\">\n\t\t\t\t\t<h1 class=\"elementor-heading-title elementor-size-default\">2D I OBLIKOVANIH DELOVA<\/h1>\t\t\t\t<\/div>\n\t\t\t\t<\/div>\n\t\t\t\t<\/div>\n\t\t<div class=\"elementor-element elementor-element-9351d30 e-flex e-con-boxed e-con e-parent\" data-id=\"9351d30\" data-element_type=\"container\" data-e-type=\"container\" data-settings=\"{&quot;_ha_eqh_enable&quot;:&quot;yes&quot;,&quot;_ha_eqh_widget&quot;:[&quot;text-editor&quot;],&quot;_ha_eqh_to&quot;:&quot;widget&quot;,&quot;_ha_eqh_disable_on_tablet&quot;:&quot;no&quot;,&quot;_ha_eqh_disable_on_mobile&quot;:&quot;yes&quot;}\">\n\t\t\t\t\t<div class=\"e-con-inner\">\n\t\t<div class=\"elementor-element elementor-element-9a71ee2 e-con-full e-flex e-con e-child\" data-id=\"9a71ee2\" data-element_type=\"container\" data-e-type=\"container\">\n\t\t\t\t<div class=\"elementor-element elementor-element-c4b0c48 elementor-widget elementor-widget-image\" data-id=\"c4b0c48\" data-element_type=\"widget\" data-e-type=\"widget\" data-widget_type=\"image.default\">\n\t\t\t\t<div class=\"elementor-widget-container\">\n\t\t\t\t\t\t\t\t\t\t\t\t\t\t\t<img fetchpriority=\"high\" decoding=\"async\" width=\"300\" height=\"240\" src=\"https:\/\/virtek.ib-caddy.com\/\/wp-content\/uploads\/virtek\/\/2025\/10\/laserqc-w-logo.jpg\" class=\"attachment-large size-large wp-image-639\" alt=\"\" srcset=\"https:\/\/virtek.ib-caddy.com\/\/wp-content\/uploads\/virtek\/2025\/10\/laserqc-w-logo.jpg 300w, https:\/\/virtek.ib-caddy.com\/\/wp-content\/uploads\/virtek\/2025\/10\/laserqc-w-logo-15x12.jpg 15w\" sizes=\"(max-width: 300px) 100vw, 300px\" \/>\t\t\t\t\t\t\t\t\t\t\t\t\t\t\t<\/div>\n\t\t\t\t<\/div>\n\t\t\t\t<div class=\"elementor-element elementor-element-b15b1da elementor-widget elementor-widget-text-editor\" data-id=\"b15b1da\" data-element_type=\"widget\" data-e-type=\"widget\" data-widget_type=\"text-editor.default\">\n\t\t\t\t<div class=\"elementor-widget-container\">\n\t\t\t\t\t\t\t\t\t<p><strong>Virtek LaserQC\u00ae<\/strong> sistem je vrhunsko re\u0161enje za dvodimenzionalnu kontrolu  i kontrolu oblikovanih delova. LaserQC\u00ae dramati\u010dno povec\u0301ava protok u preciznim limovima, preciznoj peni, cevima, vazduhoplovnim delovima i izradi zaptivki. Sistem je dizajniran za proizvodna radna okru\u017eenja i idealan je za kontrolu prvih proizvoda, reverzibilni in\u017eenjering, izve\u0161tavanje o kvalitetu (SPC, ISO, LEAN) i automatsko merenje oblikovanih delova.\u00a0<\/p>\t\t\t\t\t\t\t\t<\/div>\n\t\t\t\t<\/div>\n\t\t\t\t<div class=\"elementor-element elementor-element-b6672d6 elementor-align-center elementor-widget elementor-widget-button\" data-id=\"b6672d6\" data-element_type=\"widget\" data-e-type=\"widget\" data-widget_type=\"button.default\">\n\t\t\t\t<div class=\"elementor-widget-container\">\n\t\t\t\t\t\t\t\t\t<div class=\"elementor-button-wrapper\">\n\t\t\t\t\t<a class=\"elementor-button elementor-button-link elementor-size-sm\" href=\"https:\/\/virtek.ib-caddy.com\/\/wp-content\/uploads\/virtek\/\/2026\/01\/Virtek_LaserQC-Ib-Caddy.pdf\" target=\"_blank\">\n\t\t\t\t\t\t<span class=\"elementor-button-content-wrapper\">\n\t\t\t\t\t\t\t\t\t<span class=\"elementor-button-text\">VI\u0160E INFORMACIJA<\/span>\n\t\t\t\t\t<\/span>\n\t\t\t\t\t<\/a>\n\t\t\t\t<\/div>\n\t\t\t\t\t\t\t\t<\/div>\n\t\t\t\t<\/div>\n\t\t\t\t<\/div>\n\t\t\t\t\t<\/div>\n\t\t\t\t<\/div>\n\t\t\t\t<\/div>","protected":false},"excerpt":{"rendered":"<p>VIRTEK LASERQC QUALITY INSPECTION &amp; MEASUREMENT A rapid inspection system for manufacturing industry NEW! Virtek LaserQC\u00ae with Vision Quality System is a rapid inspection system that employs lasers to measure parts. Laser Fast (and Easy)LaserQC\u00ae captures over 500 data points per second to make part inspections laser-fast, right on the shop floor. Designed to set [&hellip;]<\/p>","protected":false},"author":2,"featured_media":0,"parent":0,"menu_order":0,"comment_status":"closed","ping_status":"closed","template":"elementor_header_footer","meta":{"footnotes":""},"class_list":["post-632","page","type-page","status-publish","hentry"],"_links":{"self":[{"href":"https:\/\/virtek.ib-caddy.com\/hr-bih-sr-cg\/wp-json\/wp\/v2\/pages\/632","targetHints":{"allow":["GET"]}}],"collection":[{"href":"https:\/\/virtek.ib-caddy.com\/hr-bih-sr-cg\/wp-json\/wp\/v2\/pages"}],"about":[{"href":"https:\/\/virtek.ib-caddy.com\/hr-bih-sr-cg\/wp-json\/wp\/v2\/types\/page"}],"author":[{"embeddable":true,"href":"https:\/\/virtek.ib-caddy.com\/hr-bih-sr-cg\/wp-json\/wp\/v2\/users\/2"}],"replies":[{"embeddable":true,"href":"https:\/\/virtek.ib-caddy.com\/hr-bih-sr-cg\/wp-json\/wp\/v2\/comments?post=632"}],"version-history":[{"count":40,"href":"https:\/\/virtek.ib-caddy.com\/hr-bih-sr-cg\/wp-json\/wp\/v2\/pages\/632\/revisions"}],"predecessor-version":[{"id":943,"href":"https:\/\/virtek.ib-caddy.com\/hr-bih-sr-cg\/wp-json\/wp\/v2\/pages\/632\/revisions\/943"}],"wp:attachment":[{"href":"https:\/\/virtek.ib-caddy.com\/hr-bih-sr-cg\/wp-json\/wp\/v2\/media?parent=632"}],"curies":[{"name":"wp","href":"https:\/\/api.w.org\/{rel}","templated":true}]}}