{"id":742,"date":"2025-11-03T07:03:07","date_gmt":"2025-11-03T07:03:07","guid":{"rendered":"https:\/\/virtek.ib-caddy.com\/?page_id=742"},"modified":"2026-01-21T13:51:17","modified_gmt":"2026-01-21T13:51:17","slug":"virtek-iris-ai","status":"publish","type":"page","link":"https:\/\/virtek.ib-caddy.com\/sl\/virtek-iris-ai\/","title":{"rendered":"Virtek IRIS Ai"},"content":{"rendered":"<div data-elementor-type=\"wp-page\" data-elementor-id=\"742\" class=\"elementor elementor-742\" data-elementor-post-type=\"page\">\n\t\t\t\t<div class=\"elementor-element elementor-element-5e58748 e-con-full e-flex e-con e-parent\" data-id=\"5e58748\" data-element_type=\"container\" data-e-type=\"container\" data-settings=\"{&quot;background_background&quot;:&quot;classic&quot;,&quot;_ha_eqh_enable&quot;:false}\">\n\t\t<div class=\"elementor-element elementor-element-a112e73 e-con-full e-flex e-con e-child\" data-id=\"a112e73\" data-element_type=\"container\" data-e-type=\"container\" data-settings=\"{&quot;_ha_eqh_enable&quot;:false}\">\n\t\t\t\t<\/div>\n\t\t<div class=\"elementor-element elementor-element-309bbf9 e-con-full e-flex e-con e-child\" data-id=\"309bbf9\" data-element_type=\"container\" data-e-type=\"container\" data-settings=\"{&quot;_ha_eqh_enable&quot;:false}\">\n\t\t\t\t<div class=\"elementor-element elementor-element-a17c2ee elementor-widget elementor-widget-heading\" data-id=\"a17c2ee\" data-element_type=\"widget\" data-e-type=\"widget\" data-widget_type=\"heading.default\">\n\t\t\t\t<div class=\"elementor-widget-container\">\n\t\t\t\t\t<h3 class=\"elementor-heading-title elementor-size-default\">VIRTEK IRIS Ai<\/h3>\t\t\t\t<\/div>\n\t\t\t\t<\/div>\n\t\t\t\t<\/div>\n\t\t<div class=\"elementor-element elementor-element-2284a96 e-con-full e-flex e-con e-child\" data-id=\"2284a96\" data-element_type=\"container\" data-e-type=\"container\" data-settings=\"{&quot;_ha_eqh_enable&quot;:false}\">\n\t\t\t\t<\/div>\n\t\t\t\t<\/div>\n\t\t<div class=\"elementor-element elementor-element-a037887 e-con-full e-flex e-con e-parent\" data-id=\"a037887\" data-element_type=\"container\" data-e-type=\"container\" data-settings=\"{&quot;_ha_eqh_enable&quot;:false}\">\n\t\t<div class=\"elementor-element elementor-element-e4cfb5c e-con-full e-flex e-con e-child\" data-id=\"e4cfb5c\" data-element_type=\"container\" data-e-type=\"container\" data-settings=\"{&quot;_ha_eqh_enable&quot;:false}\">\n\t\t\t\t<div class=\"elementor-element elementor-element-d377a64 elementor-widget elementor-widget-image\" data-id=\"d377a64\" data-element_type=\"widget\" data-e-type=\"widget\" data-widget_type=\"image.default\">\n\t\t\t\t<div class=\"elementor-widget-container\">\n\t\t\t\t\t\t\t\t\t\t\t\t\t\t\t<img fetchpriority=\"high\" decoding=\"async\" width=\"300\" height=\"245\" src=\"https:\/\/virtek.ib-caddy.com\/\/wp-content\/uploads\/virtek\/\/2025\/11\/VIRTEK_IRIS_AI_PANEL_INSPECTION_1_Booth.jpg\" class=\"attachment-medium size-medium wp-image-773\" alt=\"\" srcset=\"https:\/\/virtek.ib-caddy.com\/\/wp-content\/uploads\/virtek\/2025\/11\/VIRTEK_IRIS_AI_PANEL_INSPECTION_1_Booth.jpg 300w, https:\/\/virtek.ib-caddy.com\/\/wp-content\/uploads\/virtek\/2025\/11\/VIRTEK_IRIS_AI_PANEL_INSPECTION_1_Booth-15x12.jpg 15w\" sizes=\"(max-width: 300px) 100vw, 300px\" \/>\t\t\t\t\t\t\t\t\t\t\t\t\t\t\t<\/div>\n\t\t\t\t<\/div>\n\t\t\t\t<\/div>\n\t\t<div class=\"elementor-element elementor-element-2b7298d e-con-full e-flex e-con e-child\" data-id=\"2b7298d\" data-element_type=\"container\" data-e-type=\"container\" data-settings=\"{&quot;_ha_eqh_enable&quot;:false}\">\n\t\t\t\t<div class=\"elementor-element elementor-element-13bcfd9 elementor-widget elementor-widget-heading\" data-id=\"13bcfd9\" data-element_type=\"widget\" data-e-type=\"widget\" data-widget_type=\"heading.default\">\n\t\t\t\t<div class=\"elementor-widget-container\">\n\t\t\t\t\t<h2 class=\"elementor-heading-title elementor-size-default\">VIRTEK IRIS AI<\/h2>\t\t\t\t<\/div>\n\t\t\t\t<\/div>\n\t\t\t\t<div class=\"elementor-element elementor-element-474852b elementor-widget__width-initial elementor-widget elementor-widget-heading\" data-id=\"474852b\" data-element_type=\"widget\" data-e-type=\"widget\" data-widget_type=\"heading.default\">\n\t\t\t\t<div class=\"elementor-widget-container\">\n\t\t\t\t\t<h4 class=\"elementor-heading-title elementor-size-default\">Prihodnost kontrole kakovosti, ki jo poganjata laserska natan\u010dnost in umetna inteligenca<\/h4>\t\t\t\t<\/div>\n\t\t\t\t<\/div>\n\t\t\t\t<div class=\"elementor-element elementor-element-cea224c elementor-widget__width-initial elementor-widget elementor-widget-text-editor\" data-id=\"cea224c\" data-element_type=\"widget\" data-e-type=\"widget\" data-widget_type=\"text-editor.default\">\n\t\t\t\t<div class=\"elementor-widget-container\">\n\t\t\t\t\t\t\t\t\t<p>Naslednja generacija pregleda kakovosti zdru\u017euje lasersko projekcijo z umetno inteligenco za takoj\u0161nje in zanesljive rezultate.\nIRIS AI v realnem \u010dasu zaznava napake, manjkajo\u010de komponente in tuje delce (FOD), nato pa z lasersko projekcijo natan\u010dno usmeri operaterja na mesto te\u017eave.<br \/><br data-start=\"681\" data-end=\"684\" \/>Ne glede na to, ali gre za pregled plo\u0161\u010d, proizvodnjo kompozitov ali nadzor procesov, IRIS AI zagotavlja neprekosljivo natan\u010dnost znotraj 1,6 mm, popolno digitalno sledljivost in enostavno integracijo v obstoje\u010di proizvodni proces.<\/p>\t\t\t\t\t\t\t\t<\/div>\n\t\t\t\t<\/div>\n\t\t\t\t<\/div>\n\t\t\t\t<\/div>\n\t\t<div class=\"elementor-element elementor-element-0722abb e-con-full e-flex e-con e-parent\" data-id=\"0722abb\" data-element_type=\"container\" data-e-type=\"container\" data-settings=\"{&quot;background_background&quot;:&quot;video&quot;,&quot;background_video_link&quot;:&quot;https:\\\/\\\/www.youtube.com\\\/watch?v=viFtArALwo0&quot;,&quot;_ha_eqh_enable&quot;:false}\">\n\t\t<div class=\"elementor-background-video-container elementor-hidden-mobile\">\n\t\t\t\t\t\t\t<div class=\"elementor-background-video-embed\" role=\"presentation\"><\/div>\n\t\t\t\t\t\t<\/div><div class=\"elementor-element elementor-element-8e83f61 e-con-full e-flex e-con e-child\" data-id=\"8e83f61\" data-element_type=\"container\" data-e-type=\"container\" data-settings=\"{&quot;_ha_eqh_enable&quot;:false}\">\n\t\t\t\t<\/div>\n\t\t<div class=\"elementor-element elementor-element-67f261d e-con-full e-flex e-con e-child\" data-id=\"67f261d\" data-element_type=\"container\" data-e-type=\"container\" data-settings=\"{&quot;_ha_eqh_enable&quot;:false}\">\n\t\t\t\t<div class=\"elementor-element elementor-element-e5132e6 elementor-widget elementor-widget-heading\" data-id=\"e5132e6\" data-element_type=\"widget\" data-e-type=\"widget\" data-widget_type=\"heading.default\">\n\t\t\t\t<div class=\"elementor-widget-container\">\n\t\t\t\t\t<h2 class=\"elementor-heading-title elementor-size-default\">Virtek Iris Ai Panel Inspection System<\/h2>\t\t\t\t<\/div>\n\t\t\t\t<\/div>\n\t\t\t\t<div class=\"elementor-element elementor-element-0d5f656 elementor-cta--layout-image-right elementor-cta--valign-middle elementor-cta--mobile-layout-image-above elementor-cta--skin-classic elementor-animated-content elementor-widget elementor-widget-call-to-action\" data-id=\"0d5f656\" data-element_type=\"widget\" data-e-type=\"widget\" data-widget_type=\"call-to-action.default\">\n\t\t\t\t<div class=\"elementor-widget-container\">\n\t\t\t\t\t\t\t<div class=\"elementor-cta\">\n\t\t\t\t\t\t\t<div class=\"elementor-cta__content\">\n\t\t\t\t\n\t\t\t\t\t\t\t\t\t<h3 class=\"elementor-cta__title elementor-cta__content-item elementor-content-item\">\n\t\t\t\t\t\tLasersko projiciranje v kombinaciji z umetno inteligenco\t\t\t\t\t<\/h3>\n\t\t\t\t\n\t\t\t\t\t\t\t\t\t<div class=\"elementor-cta__description elementor-cta__content-item elementor-content-item\">\n\t\t\t\t\t\tSistem za pregled Virtek Iris AI omogo\u010da natan\u010den nadzor pravilnosti izdelave stenske plo\u0161\u010de. Samodejno zazna odstopanja, kot so \u017eeblji, zabiti mimo nosilcev, ter z lasersko projekcijo uporabnika natan\u010dno usmeri na mesto napake.\t\t\t\t\t<\/div>\n\t\t\t\t\n\t\t\t\t\t\t\t<\/div>\n\t\t\t\t\t\t<\/div>\n\t\t\t\t\t\t<\/div>\n\t\t\t\t<\/div>\n\t\t\t\t<\/div>\n\t\t<div class=\"elementor-element elementor-element-4dcf0d4 e-con-full e-flex e-con e-child\" data-id=\"4dcf0d4\" data-element_type=\"container\" data-e-type=\"container\" data-settings=\"{&quot;_ha_eqh_enable&quot;:false}\">\n\t\t\t\t<\/div>\n\t\t\t\t<\/div>\n\t\t<div class=\"elementor-element elementor-element-53eb253 e-con-full e-flex e-con e-parent\" data-id=\"53eb253\" data-element_type=\"container\" data-e-type=\"container\" data-settings=\"{&quot;_ha_eqh_enable&quot;:false}\">\n\t\t\t\t<div class=\"elementor-element elementor-element-f49c957 elementor-widget elementor-widget-heading\" data-id=\"f49c957\" data-element_type=\"widget\" data-e-type=\"widget\" data-widget_type=\"heading.default\">\n\t\t\t\t<div class=\"elementor-widget-container\">\n\t\t\t\t\t<h1 class=\"elementor-heading-title elementor-size-default\">AI<\/h1>\t\t\t\t<\/div>\n\t\t\t\t<\/div>\n\t\t\t\t<div class=\"elementor-element elementor-element-4963cbd elementor-widget elementor-widget-heading\" data-id=\"4963cbd\" data-element_type=\"widget\" data-e-type=\"widget\" data-widget_type=\"heading.default\">\n\t\t\t\t<div class=\"elementor-widget-container\">\n\t\t\t\t\t<h1 class=\"elementor-heading-title elementor-size-default\">RE\u0160ITVE<\/h1>\t\t\t\t<\/div>\n\t\t\t\t<\/div>\n\t\t\t\t<\/div>\n\t\t<div class=\"elementor-element elementor-element-dc519cb e-flex e-con-boxed e-con e-parent\" data-id=\"dc519cb\" data-element_type=\"container\" data-e-type=\"container\" data-settings=\"{&quot;_ha_eqh_enable&quot;:&quot;yes&quot;,&quot;_ha_eqh_widget&quot;:[&quot;image&quot;,&quot;heading&quot;,&quot;button&quot;,&quot;text-editor&quot;],&quot;_ha_eqh_to&quot;:&quot;widget&quot;,&quot;_ha_eqh_disable_on_tablet&quot;:&quot;no&quot;,&quot;_ha_eqh_disable_on_mobile&quot;:&quot;yes&quot;}\">\n\t\t\t\t\t<div class=\"e-con-inner\">\n\t\t<div class=\"elementor-element elementor-element-9919075 e-con-full e-flex e-con e-child\" data-id=\"9919075\" data-element_type=\"container\" data-e-type=\"container\" data-settings=\"{&quot;_ha_eqh_enable&quot;:false}\">\n\t\t\t\t<div class=\"elementor-element elementor-element-0fe4a29 elementor-widget elementor-widget-image\" data-id=\"0fe4a29\" data-element_type=\"widget\" data-e-type=\"widget\" data-widget_type=\"image.default\">\n\t\t\t\t<div class=\"elementor-widget-container\">\n\t\t\t\t\t\t\t\t\t\t\t\t\t\t\t<img decoding=\"async\" src=\"https:\/\/virtek.ib-caddy.com\/\/wp-content\/uploads\/virtek\/\/elementor\/thumbs\/shinerreportdisplay2-re5iybkxxupfoqbkim9lwc3s8zitwd0vaipkl6pao4.jpg\" title=\"shinerreportdisplay2\" alt=\"shinerreportdisplay2\" loading=\"lazy\" \/>\t\t\t\t\t\t\t\t\t\t\t\t\t\t\t<\/div>\n\t\t\t\t<\/div>\n\t\t\t\t<div class=\"elementor-element elementor-element-7d6ce7d elementor-widget elementor-widget-heading\" data-id=\"7d6ce7d\" data-element_type=\"widget\" data-e-type=\"widget\" data-widget_type=\"heading.default\">\n\t\t\t\t<div class=\"elementor-widget-container\">\n\t\t\t\t\t<h3 class=\"elementor-heading-title elementor-size-default\">Sistem za pregled plo\u0161\u010d<\/h3>\t\t\t\t<\/div>\n\t\t\t\t<\/div>\n\t\t\t\t<div class=\"elementor-element elementor-element-6ef9343 elementor-widget elementor-widget-text-editor\" data-id=\"6ef9343\" data-element_type=\"widget\" data-e-type=\"widget\" data-widget_type=\"text-editor.default\">\n\t\t\t\t<div class=\"elementor-widget-container\">\n\t\t\t\t\t\t\t\t\tPreverja pravilnost polo\u017eaja \u017eebljev in zaznava \u017eeblje, zabite mimo nosilcev pri stenskih plo\u0161\u010dah. Z lasersko projekcijo uporabnika natan\u010dno usmeri na mesto napake.\t\t\t\t\t\t\t\t<\/div>\n\t\t\t\t<\/div>\n\t\t\t\t<div class=\"elementor-element elementor-element-36a585e elementor-widget elementor-widget-button\" data-id=\"36a585e\" data-element_type=\"widget\" data-e-type=\"widget\" data-widget_type=\"button.default\">\n\t\t\t\t<div class=\"elementor-widget-container\">\n\t\t\t\t\t\t\t\t\t<div class=\"elementor-button-wrapper\">\n\t\t\t\t\t<a class=\"elementor-button elementor-button-link elementor-size-sm\" href=\"https:\/\/virtek.ib-caddy.com\/\/wp-content\/uploads\/virtek\/\/2026\/01\/Virtek_Iris_Ai_panel_datasheet_2025_8_5x11_Final-Ib-Caddy.pdf\" target=\"_blank\">\n\t\t\t\t\t\t<span class=\"elementor-button-content-wrapper\">\n\t\t\t\t\t\t\t\t\t<span class=\"elementor-button-text\">Preberi ve\u010d<\/span>\n\t\t\t\t\t<\/span>\n\t\t\t\t\t<\/a>\n\t\t\t\t<\/div>\n\t\t\t\t\t\t\t\t<\/div>\n\t\t\t\t<\/div>\n\t\t\t\t<\/div>\n\t\t<div class=\"elementor-element elementor-element-3ddab25 e-con-full e-flex e-con e-child\" data-id=\"3ddab25\" data-element_type=\"container\" data-e-type=\"container\" data-settings=\"{&quot;_ha_eqh_enable&quot;:false}\">\n\t\t\t\t<div class=\"elementor-element elementor-element-f1dea74 elementor-widget elementor-widget-image\" data-id=\"f1dea74\" data-element_type=\"widget\" data-e-type=\"widget\" data-widget_type=\"image.default\">\n\t\t\t\t<div class=\"elementor-widget-container\">\n\t\t\t\t\t\t\t\t\t\t\t\t\t\t\t<img decoding=\"async\" width=\"300\" height=\"242\" src=\"https:\/\/virtek.ib-caddy.com\/\/wp-content\/uploads\/virtek\/\/2025\/11\/pagetify-file-1730292282771.jpg\" class=\"attachment-medium size-medium wp-image-774\" alt=\"\" srcset=\"https:\/\/virtek.ib-caddy.com\/\/wp-content\/uploads\/virtek\/2025\/11\/pagetify-file-1730292282771.jpg 300w, https:\/\/virtek.ib-caddy.com\/\/wp-content\/uploads\/virtek\/2025\/11\/pagetify-file-1730292282771-15x12.jpg 15w\" sizes=\"(max-width: 300px) 100vw, 300px\" \/>\t\t\t\t\t\t\t\t\t\t\t\t\t\t\t<\/div>\n\t\t\t\t<\/div>\n\t\t\t\t<div class=\"elementor-element elementor-element-a004ced elementor-widget elementor-widget-heading\" data-id=\"a004ced\" data-element_type=\"widget\" data-e-type=\"widget\" data-widget_type=\"heading.default\">\n\t\t\t\t<div class=\"elementor-widget-container\">\n\t\t\t\t\t<h3 class=\"elementor-heading-title elementor-size-default\">Nadzor proizvodnega procesa<\/h3>\t\t\t\t<\/div>\n\t\t\t\t<\/div>\n\t\t\t\t<div class=\"elementor-element elementor-element-ab6ffbf elementor-widget elementor-widget-text-editor\" data-id=\"ab6ffbf\" data-element_type=\"widget\" data-e-type=\"widget\" data-widget_type=\"text-editor.default\">\n\t\t\t\t<div class=\"elementor-widget-container\">\n\t\t\t\t\t\t\t\t\tZajamite posnetke v visoki lo\u010dljivosti na vsaki stopnji sestavljanja in ustvarite dokumentacijo celotnega procesa izdelave. \t\t\t\t\t\t\t\t<\/div>\n\t\t\t\t<\/div>\n\t\t\t\t<div class=\"elementor-element elementor-element-9021840 elementor-widget elementor-widget-button\" data-id=\"9021840\" data-element_type=\"widget\" data-e-type=\"widget\" data-widget_type=\"button.default\">\n\t\t\t\t<div class=\"elementor-widget-container\">\n\t\t\t\t\t\t\t\t\t<div class=\"elementor-button-wrapper\">\n\t\t\t\t\t<a class=\"elementor-button elementor-button-link elementor-size-sm\" href=\"https:\/\/virtek.ib-caddy.com\/\/wp-content\/uploads\/virtek\/\/2026\/01\/Virtek_IRIS_Process_Monitoring_2025_8_5x11_final-Ib-Caddy.pdf\" target=\"_blank\">\n\t\t\t\t\t\t<span class=\"elementor-button-content-wrapper\">\n\t\t\t\t\t\t\t\t\t<span class=\"elementor-button-text\">Preberi ve\u010d<\/span>\n\t\t\t\t\t<\/span>\n\t\t\t\t\t<\/a>\n\t\t\t\t<\/div>\n\t\t\t\t\t\t\t\t<\/div>\n\t\t\t\t<\/div>\n\t\t\t\t<\/div>\n\t\t<div class=\"elementor-element elementor-element-0151641 e-con-full e-flex e-con e-child\" data-id=\"0151641\" data-element_type=\"container\" data-e-type=\"container\" data-settings=\"{&quot;_ha_eqh_enable&quot;:false}\">\n\t\t\t\t<div class=\"elementor-element elementor-element-5447f7f elementor-widget elementor-widget-image\" data-id=\"5447f7f\" data-element_type=\"widget\" data-e-type=\"widget\" data-widget_type=\"image.default\">\n\t\t\t\t<div class=\"elementor-widget-container\">\n\t\t\t\t\t\t\t\t\t\t\t\t\t\t\t<img decoding=\"async\" width=\"300\" height=\"259\" src=\"https:\/\/virtek.ib-caddy.com\/\/wp-content\/uploads\/virtek\/\/2025\/11\/Composite-inspection.png\" class=\"attachment-medium size-medium wp-image-779\" alt=\"\" srcset=\"https:\/\/virtek.ib-caddy.com\/\/wp-content\/uploads\/virtek\/2025\/11\/Composite-inspection.png 300w, https:\/\/virtek.ib-caddy.com\/\/wp-content\/uploads\/virtek\/2025\/11\/Composite-inspection-14x12.png 14w\" sizes=\"(max-width: 300px) 100vw, 300px\" \/>\t\t\t\t\t\t\t\t\t\t\t\t\t\t\t<\/div>\n\t\t\t\t<\/div>\n\t\t\t\t<div class=\"elementor-element elementor-element-9a8e339 elementor-widget elementor-widget-heading\" data-id=\"9a8e339\" data-element_type=\"widget\" data-e-type=\"widget\" data-widget_type=\"heading.default\">\n\t\t\t\t<div class=\"elementor-widget-container\">\n\t\t\t\t\t<h3 class=\"elementor-heading-title elementor-size-default\">Kontrola kompozitov<\/h3>\t\t\t\t<\/div>\n\t\t\t\t<\/div>\n\t\t\t\t<div class=\"elementor-element elementor-element-a45f5ad elementor-widget elementor-widget-text-editor\" data-id=\"a45f5ad\" data-element_type=\"widget\" data-e-type=\"widget\" data-widget_type=\"text-editor.default\">\n\t\t\t\t<div class=\"elementor-widget-container\">\n\t\t\t\t\t\t\t\t\tIRIS AI zaznava tisto, kar \u010dlove\u0161ko oko morda spregleda, in se prilagaja spremembam svetlobe ter okolja za dosledne in zanesljive preglede. \t\t\t\t\t\t\t\t<\/div>\n\t\t\t\t<\/div>\n\t\t\t\t<div class=\"elementor-element elementor-element-09911ef elementor-widget elementor-widget-button\" data-id=\"09911ef\" data-element_type=\"widget\" data-e-type=\"widget\" data-widget_type=\"button.default\">\n\t\t\t\t<div class=\"elementor-widget-container\">\n\t\t\t\t\t\t\t\t\t<div class=\"elementor-button-wrapper\">\n\t\t\t\t\t<a class=\"elementor-button elementor-button-link elementor-size-sm\" href=\"https:\/\/virtek.ib-caddy.com\/\/wp-content\/uploads\/virtek\/\/2026\/01\/Virtek_IRIS_AI_Composite_Inspection_Brochure_Customer-Ib-Caddy.pdf\" target=\"_blank\">\n\t\t\t\t\t\t<span class=\"elementor-button-content-wrapper\">\n\t\t\t\t\t\t\t\t\t<span class=\"elementor-button-text\">Preberi ve\u010d<\/span>\n\t\t\t\t\t<\/span>\n\t\t\t\t\t<\/a>\n\t\t\t\t<\/div>\n\t\t\t\t\t\t\t\t<\/div>\n\t\t\t\t<\/div>\n\t\t\t\t<\/div>\n\t\t\t\t\t<\/div>\n\t\t\t\t<\/div>\n\t\t<div class=\"elementor-element elementor-element-59bbe2d e-flex e-con-boxed e-con e-parent\" data-id=\"59bbe2d\" data-element_type=\"container\" data-e-type=\"container\" data-settings=\"{&quot;background_background&quot;:&quot;classic&quot;,&quot;_ha_eqh_enable&quot;:false}\">\n\t\t\t\t\t<div class=\"e-con-inner\">\n\t\t<div class=\"elementor-element elementor-element-a779c1d e-con-full e-flex e-con e-child\" data-id=\"a779c1d\" data-element_type=\"container\" data-e-type=\"container\" data-settings=\"{&quot;_ha_eqh_enable&quot;:false}\">\n\t\t\t\t<div class=\"elementor-element elementor-element-e85d142 elementor-widget elementor-widget-heading\" data-id=\"e85d142\" data-element_type=\"widget\" data-e-type=\"widget\" data-widget_type=\"heading.default\">\n\t\t\t\t<div class=\"elementor-widget-container\">\n\t\t\t\t\t<h2 class=\"elementor-heading-title elementor-size-default\">Preglednost in nadzor skozi celoten proces sestavljanja\n<\/h2>\t\t\t\t<\/div>\n\t\t\t\t<\/div>\n\t\t\t\t<div class=\"elementor-element elementor-element-9a81fda elementor-widget elementor-widget-text-editor\" data-id=\"9a81fda\" data-element_type=\"widget\" data-e-type=\"widget\" data-widget_type=\"text-editor.default\">\n\t\t\t\t<div class=\"elementor-widget-container\">\n\t\t\t\t\t\t\t\t\t<p>Nova IRIS AI kamera omogo\u010da:<\/p><p>Podrobno poro\u010danje za zagotavljanje kakovosti<br \/>Shranjevanje digitalnih podatkov za trajno dokumentacijo kakovosti<br \/>Preverjanje dokon\u010danosti obdelave posameznega dela<br \/>Zajemanje analitike podatkov za vsak izdelan del<\/p><p>Dodatek k obstoje\u010dim Virtek sistemom laserske projekcije.<\/p>\t\t\t\t\t\t\t\t<\/div>\n\t\t\t\t<\/div>\n\t\t\t\t<div class=\"elementor-element elementor-element-d0f45b4 elementor-align-left elementor-widget elementor-widget-button\" data-id=\"d0f45b4\" data-element_type=\"widget\" data-e-type=\"widget\" data-widget_type=\"button.default\">\n\t\t\t\t<div class=\"elementor-widget-container\">\n\t\t\t\t\t\t\t\t\t<div class=\"elementor-button-wrapper\">\n\t\t\t\t\t<a class=\"elementor-button elementor-button-link elementor-size-sm\" href=\"\/sl\/kontakt\/\">\n\t\t\t\t\t\t<span class=\"elementor-button-content-wrapper\">\n\t\t\t\t\t\t\t\t\t<span class=\"elementor-button-text\">\u017de na voljo!<\/span>\n\t\t\t\t\t<\/span>\n\t\t\t\t\t<\/a>\n\t\t\t\t<\/div>\n\t\t\t\t\t\t\t\t<\/div>\n\t\t\t\t<\/div>\n\t\t\t\t<\/div>\n\t\t<div class=\"elementor-element elementor-element-0967f48 e-con-full e-flex e-con e-child\" data-id=\"0967f48\" data-element_type=\"container\" data-e-type=\"container\" data-settings=\"{&quot;_ha_eqh_enable&quot;:false}\">\n\t\t\t\t<div class=\"elementor-element elementor-element-5a30030 elementor-widget elementor-widget-video\" data-id=\"5a30030\" data-element_type=\"widget\" data-e-type=\"widget\" data-settings=\"{&quot;show_image_overlay&quot;:&quot;yes&quot;,&quot;image_overlay&quot;:{&quot;url&quot;:&quot;&quot;,&quot;id&quot;:&quot;&quot;,&quot;size&quot;:&quot;&quot;,&quot;alt&quot;:&quot;&quot;,&quot;source&quot;:&quot;library&quot;},&quot;video_type&quot;:&quot;hosted&quot;,&quot;controls&quot;:&quot;yes&quot;}\" data-widget_type=\"video.default\">\n\t\t\t\t<div class=\"elementor-widget-container\">\n\t\t\t\t\t\t\t<div class=\"e-hosted-video elementor-wrapper elementor-open-inline\">\n\t\t\t\t\t<video class=\"elementor-video\" src=\"https:\/\/virtek.ib-caddy.com\/\/wp-content\/uploads\/virtek\/\/2025\/11\/Virtek-IRIS-Ai-kontrola-z-umetno-inteligenco.mp4\" controls=\"\" preload=\"metadata\" controlslist=\"nodownload\"><\/video>\n\t\t\t\t<\/div>\n\t\t\t\t\t\t<\/div>\n\t\t\t\t<\/div>\n\t\t\t\t<\/div>\n\t\t\t\t\t<\/div>\n\t\t\t\t<\/div>\n\t\t<div class=\"elementor-element elementor-element-c98af66 e-con-full e-flex e-con e-parent\" data-id=\"c98af66\" data-element_type=\"container\" data-e-type=\"container\" data-settings=\"{&quot;_ha_eqh_enable&quot;:false}\">\n\t\t\t\t<div class=\"elementor-element elementor-element-aa2c956 elementor-widget elementor-widget-heading\" data-id=\"aa2c956\" data-element_type=\"widget\" data-e-type=\"widget\" data-widget_type=\"heading.default\">\n\t\t\t\t<div class=\"elementor-widget-container\">\n\t\t\t\t\t<h1 class=\"elementor-heading-title elementor-size-default\">AI<\/h1>\t\t\t\t<\/div>\n\t\t\t\t<\/div>\n\t\t\t\t<div class=\"elementor-element elementor-element-577c966 elementor-widget elementor-widget-heading\" data-id=\"577c966\" data-element_type=\"widget\" data-e-type=\"widget\" data-widget_type=\"heading.default\">\n\t\t\t\t<div class=\"elementor-widget-container\">\n\t\t\t\t\t<h1 class=\"elementor-heading-title elementor-size-default\">SISTEMI LASERSKE PROJEKCIJE<\/h1>\t\t\t\t<\/div>\n\t\t\t\t<\/div>\n\t\t\t\t<\/div>\n\t\t<div class=\"elementor-element elementor-element-9351d30 e-flex e-con-boxed e-con e-parent\" data-id=\"9351d30\" data-element_type=\"container\" data-e-type=\"container\" data-settings=\"{&quot;_ha_eqh_enable&quot;:&quot;yes&quot;,&quot;_ha_eqh_widget&quot;:[&quot;text-editor&quot;],&quot;_ha_eqh_to&quot;:&quot;widget&quot;,&quot;_ha_eqh_disable_on_tablet&quot;:&quot;no&quot;,&quot;_ha_eqh_disable_on_mobile&quot;:&quot;yes&quot;}\">\n\t\t\t\t\t<div class=\"e-con-inner\">\n\t\t<div class=\"elementor-element elementor-element-9a71ee2 e-con-full e-flex e-con e-child\" data-id=\"9a71ee2\" data-element_type=\"container\" data-e-type=\"container\">\n\t\t\t\t<div class=\"elementor-element elementor-element-c4b0c48 elementor-widget elementor-widget-image\" data-id=\"c4b0c48\" data-element_type=\"widget\" data-e-type=\"widget\" data-widget_type=\"image.default\">\n\t\t\t\t<div class=\"elementor-widget-container\">\n\t\t\t\t\t\t\t\t\t\t\t\t\t\t\t<img loading=\"lazy\" decoding=\"async\" width=\"300\" height=\"120\" src=\"https:\/\/virtek.ib-caddy.com\/\/wp-content\/uploads\/virtek\/\/2025\/11\/image-3-300x120.jpg\" class=\"attachment-medium size-medium wp-image-796\" alt=\"\" srcset=\"https:\/\/virtek.ib-caddy.com\/\/wp-content\/uploads\/virtek\/2025\/11\/image-3-300x120.jpg 300w, https:\/\/virtek.ib-caddy.com\/\/wp-content\/uploads\/virtek\/2025\/11\/image-3-768x308.jpg 768w, https:\/\/virtek.ib-caddy.com\/\/wp-content\/uploads\/virtek\/2025\/11\/image-3-18x7.jpg 18w, https:\/\/virtek.ib-caddy.com\/\/wp-content\/uploads\/virtek\/2025\/11\/image-3.jpg 844w\" sizes=\"(max-width: 300px) 100vw, 300px\" \/>\t\t\t\t\t\t\t\t\t\t\t\t\t\t\t<\/div>\n\t\t\t\t<\/div>\n\t\t\t\t<div class=\"elementor-element elementor-element-b15b1da elementor-widget elementor-widget-text-editor\" data-id=\"b15b1da\" data-element_type=\"widget\" data-e-type=\"widget\" data-widget_type=\"text-editor.default\">\n\t\t\t\t<div class=\"elementor-widget-container\">\n\t\t\t\t\t\t\t\t\tVirtek IRIS AI\u2122 zdru\u017euje inteligentno lasersko projekcijo z umetno inteligenco, da operaterje med pregledovanjem in sestavljanjem vodi z izjemno natan\u010dnostjo. Sistem takoj zazna napake, nepravilno name\u0161\u010dene komponente ali tuje delce (FOD) in laser projicira neposredno na to\u010dno mesto te\u017eave. S povratnimi informacijami v realnem \u010dasu in avtomatiziranim poro\u010danjem je mogo\u010de tudi kompleksne preglede opraviti v nekaj sekundah kar zagotavlja stalno kakovost, ve\u010djo produktivnost in popolno sledljivost skozi celoten proizvodni proces.\t\t\t\t\t\t\t\t<\/div>\n\t\t\t\t<\/div>\n\t\t\t\t<\/div>\n\t\t\t\t\t<\/div>\n\t\t\t\t<\/div>\n\t\t\t\t<\/div>","protected":false},"excerpt":{"rendered":"<p>VIRTEK IRIS Ai VIRTEK IRIS AI The Future of Quality Inspection, Powered by Laser Precision and AI The next generation of quality inspection combines laser projection with artificial intelligence to deliver instant, reliable results. IRIS AI detects defects, missing components, and foreign-object debris (FOD) in real time, then guides operators precisely to the issue using [&hellip;]<\/p>","protected":false},"author":2,"featured_media":0,"parent":0,"menu_order":0,"comment_status":"closed","ping_status":"closed","template":"elementor_header_footer","meta":{"footnotes":""},"class_list":["post-742","page","type-page","status-publish","hentry"],"_links":{"self":[{"href":"https:\/\/virtek.ib-caddy.com\/sl\/wp-json\/wp\/v2\/pages\/742","targetHints":{"allow":["GET"]}}],"collection":[{"href":"https:\/\/virtek.ib-caddy.com\/sl\/wp-json\/wp\/v2\/pages"}],"about":[{"href":"https:\/\/virtek.ib-caddy.com\/sl\/wp-json\/wp\/v2\/types\/page"}],"author":[{"embeddable":true,"href":"https:\/\/virtek.ib-caddy.com\/sl\/wp-json\/wp\/v2\/users\/2"}],"replies":[{"embeddable":true,"href":"https:\/\/virtek.ib-caddy.com\/sl\/wp-json\/wp\/v2\/comments?post=742"}],"version-history":[{"count":49,"href":"https:\/\/virtek.ib-caddy.com\/sl\/wp-json\/wp\/v2\/pages\/742\/revisions"}],"predecessor-version":[{"id":950,"href":"https:\/\/virtek.ib-caddy.com\/sl\/wp-json\/wp\/v2\/pages\/742\/revisions\/950"}],"wp:attachment":[{"href":"https:\/\/virtek.ib-caddy.com\/sl\/wp-json\/wp\/v2\/media?parent=742"}],"curies":[{"name":"wp","href":"https:\/\/api.w.org\/{rel}","templated":true}]}}